{"id":351,"date":"2014-09-04T15:12:58","date_gmt":"2014-09-04T15:12:58","guid":{"rendered":"http:\/\/www.novalta.net\/?page_id=351"},"modified":"2014-11-17T10:28:23","modified_gmt":"2014-11-17T10:28:23","slug":"impressum-rechtliche-hinweise","status":"publish","type":"page","link":"https:\/\/www.novalta.net\/de\/impressum-rechtliche-hinweise\/","title":{"rendered":"Impressum"},"content":{"rendered":"<div>Auf Basis von \u00a7 24 (1) des \u00f6sterreichischen Mediengesetztes gibt NOVALTA e.U. folgende erforderliche rechtliche Informationen bekannt:<\/div>\n<table>\n<tbody>\n<tr>\n<td>Firmenwortlaut:<\/td>\n<td>NOVALTA e.U., Inhaber Peter E. Gumpel<\/td>\n<\/tr>\n<tr>\n<td>Rechtsform:<\/td>\n<td>Eingetragenes Einzelunternehmen<\/td>\n<\/tr>\n<tr>\n<td>Unternehmensgegenstand:<\/td>\n<td>Unternehmensberatung inklusive der Unternehmensorganisation; Vermittlung bei Unternehmensk\u00e4ufen und -verk\u00e4ufen, Beratung im \u00f6ffentlichen Sektor<\/td>\n<\/tr>\n<tr>\n<td>UID-Nummer:<\/td>\n<td>ATU65075456<\/td>\n<\/tr>\n<tr>\n<td>Firmenbuchnummer:<\/td>\n<td>FN 418205 h<\/td>\n<\/tr>\n<tr>\n<td>Firmenbuchgericht:<\/td>\n<td>Handelsgericht Wien<\/td>\n<\/tr>\n<tr>\n<td>Firmensitz:<\/td>\n<td>A-1040 Wien<\/td>\n<\/tr>\n<tr>\n<td>volle geografische Anschrift:<\/td>\n<td>Prinz Eugen Str. 46\/15, A-1040 Wien<\/td>\n<\/tr>\n<tr>\n<td>Kontaktdaten:<\/td>\n<td>Tel.: \u00a0 \u00a0\u00a0+43-1-3619750-00<br \/> Fax : \u00a0 \u00a0 +43-1-3619750-99<br \/> E-mail: \u00a0office@novalta.net<\/td>\n<\/tr>\n<tr>\n<td>Mitglied bei den Wirtschafts-kammerorganisationen:<\/td>\n<td>Wirtschaftskammer \u00d6sterreich, Fachgruppe Unternehmensberatung und Informationstechnologie (UBIT); Wirtschaftskammer Wien<\/td>\n<\/tr>\n<tr>\n<td>andwendbare Rechtsvorschriften:<\/td>\n<td>Gewerbeordnung: \u00a0www.ris.bka.gv.at<\/td>\n<\/tr>\n<tr>\n<td>Aufsichtsbeh\u00f6rde\/Gewerbeh\u00f6rde:<\/td>\n<td>Magistrat IV.\/V. Bezirk der Stadt Wien<\/td>\n<\/tr>\n<tr>\n<td>Berufsbezeichung:<\/td>\n<td>Unternehmensberatung einschlie\u00dflich der Unternehmensorganisation<\/td>\n<\/tr>\n<tr>\n<td>Verleihungsstaat:<\/td>\n<td>\u00d6sterreich<\/td>\n<\/tr>\n<\/tbody>\n<\/table>\n","protected":false},"excerpt":{"rendered":"<p>Auf Basis von \u00a7 24 (1) des \u00f6sterreichischen Mediengesetztes gibt NOVALTA e.U. folgende erforderliche rechtliche Informationen bekannt: Firmenwortlaut: NOVALTA e.U., Inhaber Peter E. Gumpel Rechtsform: Eingetragenes Einzelunternehmen Unternehmensgegenstand: Unternehmensberatung inklusive der Unternehmensorganisation; Vermittlung bei Unternehmensk\u00e4ufen und -verk\u00e4ufen, Beratung im \u00f6ffentlichen Sektor UID-Nummer: ATU65075456 Firmenbuchnummer: FN 418205 h Firmenbuchgericht: Handelsgericht Wien Firmensitz: A-1040 Wien volle geografische [&hellip;]<\/p>\n","protected":false},"author":4,"featured_media":0,"parent":0,"menu_order":102,"comment_status":"open","ping_status":"closed","template":"","meta":{"footnotes":""},"_links":{"self":[{"href":"https:\/\/www.novalta.net\/de\/wp-json\/wp\/v2\/pages\/351"}],"collection":[{"href":"https:\/\/www.novalta.net\/de\/wp-json\/wp\/v2\/pages"}],"about":[{"href":"https:\/\/www.novalta.net\/de\/wp-json\/wp\/v2\/types\/page"}],"author":[{"embeddable":true,"href":"https:\/\/www.novalta.net\/de\/wp-json\/wp\/v2\/users\/4"}],"replies":[{"embeddable":true,"href":"https:\/\/www.novalta.net\/de\/wp-json\/wp\/v2\/comments?post=351"}],"version-history":[{"count":17,"href":"https:\/\/www.novalta.net\/de\/wp-json\/wp\/v2\/pages\/351\/revisions"}],"predecessor-version":[{"id":725,"href":"https:\/\/www.novalta.net\/de\/wp-json\/wp\/v2\/pages\/351\/revisions\/725"}],"wp:attachment":[{"href":"https:\/\/www.novalta.net\/de\/wp-json\/wp\/v2\/media?parent=351"}],"curies":[{"name":"wp","href":"https:\/\/api.w.org\/{rel}","templated":true}]}}