{"id":345,"date":"2014-09-04T15:12:11","date_gmt":"2014-09-04T15:12:11","guid":{"rendered":"http:\/\/www.novalta.net\/?page_id=345"},"modified":"2014-09-28T17:27:52","modified_gmt":"2014-09-28T17:27:52","slug":"usa-nordamerika","status":"publish","type":"page","link":"https:\/\/www.novalta.net\/de\/geographischer-fokus\/usa-nordamerika\/","title":{"rendered":"USA \/ Nord&shy;amerika"},"content":{"rendered":"<p>Das Management von NOVALTA hat weitreichenden Hintergrund und starkes Netzwerk in den USA.<\/p>\n<p>Das Team hat signifikante Arbeitserfahrung in den USA, u.a. durch die Abwicklung von Projekten in den folgenden Bereichen:<\/p>\n<ul>\n<li>Kapitalmarkttransaktionen (IPOs sowie andere B\u00f6rseng\u00e4nge, compliance);<\/li>\n<li>Unternehmensk\u00e4ufe und -verk\u00e4ufe (M&amp;A);<\/li>\n<li>Venture Capital-Transaktionen;<\/li>\n<li>Finanzierungstransaktionen.<\/li>\n<\/ul>\n<p>\u00a0In den USA haben wir kompetente lokalte Partner und Unterst\u00fctzung wie erforderlich.<\/p>\n","protected":false},"excerpt":{"rendered":"<p>Das Management von NOVALTA hat weitreichenden Hintergrund und starkes Netzwerk in den USA. Das Team hat signifikante Arbeitserfahrung in den USA, u.a. durch die Abwicklung von Projekten in den folgenden Bereichen: Kapitalmarkttransaktionen (IPOs sowie andere B\u00f6rseng\u00e4nge, compliance); Unternehmensk\u00e4ufe und -verk\u00e4ufe (M&amp;A); Venture Capital-Transaktionen; Finanzierungstransaktionen. \u00a0In den USA haben wir kompetente lokalte Partner und Unterst\u00fctzung wie [&hellip;]<\/p>\n","protected":false},"author":4,"featured_media":0,"parent":335,"menu_order":5,"comment_status":"open","ping_status":"closed","template":"","meta":{"footnotes":""},"_links":{"self":[{"href":"https:\/\/www.novalta.net\/de\/wp-json\/wp\/v2\/pages\/345"}],"collection":[{"href":"https:\/\/www.novalta.net\/de\/wp-json\/wp\/v2\/pages"}],"about":[{"href":"https:\/\/www.novalta.net\/de\/wp-json\/wp\/v2\/types\/page"}],"author":[{"embeddable":true,"href":"https:\/\/www.novalta.net\/de\/wp-json\/wp\/v2\/users\/4"}],"replies":[{"embeddable":true,"href":"https:\/\/www.novalta.net\/de\/wp-json\/wp\/v2\/comments?post=345"}],"version-history":[{"count":5,"href":"https:\/\/www.novalta.net\/de\/wp-json\/wp\/v2\/pages\/345\/revisions"}],"predecessor-version":[{"id":558,"href":"https:\/\/www.novalta.net\/de\/wp-json\/wp\/v2\/pages\/345\/revisions\/558"}],"up":[{"embeddable":true,"href":"https:\/\/www.novalta.net\/de\/wp-json\/wp\/v2\/pages\/335"}],"wp:attachment":[{"href":"https:\/\/www.novalta.net\/de\/wp-json\/wp\/v2\/media?parent=345"}],"curies":[{"name":"wp","href":"https:\/\/api.w.org\/{rel}","templated":true}]}}