{"id":343,"date":"2014-09-04T15:11:58","date_gmt":"2014-09-04T15:11:58","guid":{"rendered":"http:\/\/www.novalta.net\/?page_id=343"},"modified":"2014-09-28T17:36:20","modified_gmt":"2014-09-28T17:36:20","slug":"mittlerer-osten-und-afrika","status":"publish","type":"page","link":"https:\/\/www.novalta.net\/de\/geographischer-fokus\/mittlerer-osten-und-afrika\/","title":{"rendered":"Mittlerer Osten und Afrika"},"content":{"rendered":"<p>Ein Fokusgebiet von\u00a0NOVALTA ist der Mittlere Osten und Afrika &#8211; wo wir interessante Akquisitionsm\u00f6glickeiten sehen.<\/p>\n<p>In dieser Region verf\u00fcgen wir \u00fcber lokale Partner, die l\u00e4nderspezifischen Input nach Bedarf einbringen k\u00f6nnen.<\/p>\n","protected":false},"excerpt":{"rendered":"<p>Ein Fokusgebiet von\u00a0NOVALTA ist der Mittlere Osten und Afrika &#8211; wo wir interessante Akquisitionsm\u00f6glickeiten sehen. In dieser Region verf\u00fcgen wir \u00fcber lokale Partner, die l\u00e4nderspezifischen Input nach Bedarf einbringen k\u00f6nnen.<\/p>\n","protected":false},"author":4,"featured_media":0,"parent":335,"menu_order":4,"comment_status":"open","ping_status":"closed","template":"","meta":{"footnotes":""},"_links":{"self":[{"href":"https:\/\/www.novalta.net\/de\/wp-json\/wp\/v2\/pages\/343"}],"collection":[{"href":"https:\/\/www.novalta.net\/de\/wp-json\/wp\/v2\/pages"}],"about":[{"href":"https:\/\/www.novalta.net\/de\/wp-json\/wp\/v2\/types\/page"}],"author":[{"embeddable":true,"href":"https:\/\/www.novalta.net\/de\/wp-json\/wp\/v2\/users\/4"}],"replies":[{"embeddable":true,"href":"https:\/\/www.novalta.net\/de\/wp-json\/wp\/v2\/comments?post=343"}],"version-history":[{"count":3,"href":"https:\/\/www.novalta.net\/de\/wp-json\/wp\/v2\/pages\/343\/revisions"}],"predecessor-version":[{"id":560,"href":"https:\/\/www.novalta.net\/de\/wp-json\/wp\/v2\/pages\/343\/revisions\/560"}],"up":[{"embeddable":true,"href":"https:\/\/www.novalta.net\/de\/wp-json\/wp\/v2\/pages\/335"}],"wp:attachment":[{"href":"https:\/\/www.novalta.net\/de\/wp-json\/wp\/v2\/media?parent=343"}],"curies":[{"name":"wp","href":"https:\/\/api.w.org\/{rel}","templated":true}]}}