{"id":341,"date":"2014-09-04T15:11:47","date_gmt":"2014-09-04T15:11:47","guid":{"rendered":"http:\/\/www.novalta.net\/?page_id=341"},"modified":"2014-09-28T17:46:47","modified_gmt":"2014-09-28T17:46:47","slug":"sudosteuropa","status":"publish","type":"page","link":"https:\/\/www.novalta.net\/de\/geographischer-fokus\/sudosteuropa\/","title":{"rendered":"S\u00fcdosteuropa"},"content":{"rendered":"<p>In S\u00fcdosturopa hat das Management von NOVALTA weitreichende Arbeitserfahrung im Auftrag von Regierungen sowie Privatinvestoren\u00a0w\u00e4hrend der letzten 20 Jahre, mit Schwerpunkt auf die folgende L\u00e4nder:<\/p>\n<ul>\n<li>Bulgarien;<\/li>\n<li>Mazedonien;<\/li>\n<li>Moldawien;<\/li>\n<li>Montenegro;<\/li>\n<li>Rum\u00e4nien;<\/li>\n<li>Serbien.<\/li>\n<\/ul>\n<p>Dar\u00fcber hinaus hat\u00a0NOVALTA kompetente lokale Partner in diesen\u00a0L\u00e4ndern, die bei der effizienten Implementierung von Projekten mitwirken werden.<\/p>\n","protected":false},"excerpt":{"rendered":"<p>In S\u00fcdosturopa hat das Management von NOVALTA weitreichende Arbeitserfahrung im Auftrag von Regierungen sowie Privatinvestoren\u00a0w\u00e4hrend der letzten 20 Jahre, mit Schwerpunkt auf die folgende L\u00e4nder: Bulgarien; Mazedonien; Moldawien; Montenegro; Rum\u00e4nien; Serbien. Dar\u00fcber hinaus hat\u00a0NOVALTA kompetente lokale Partner in diesen\u00a0L\u00e4ndern, die bei der effizienten Implementierung von Projekten mitwirken werden.<\/p>\n","protected":false},"author":4,"featured_media":0,"parent":335,"menu_order":3,"comment_status":"open","ping_status":"closed","template":"","meta":{"footnotes":""},"_links":{"self":[{"href":"https:\/\/www.novalta.net\/de\/wp-json\/wp\/v2\/pages\/341"}],"collection":[{"href":"https:\/\/www.novalta.net\/de\/wp-json\/wp\/v2\/pages"}],"about":[{"href":"https:\/\/www.novalta.net\/de\/wp-json\/wp\/v2\/types\/page"}],"author":[{"embeddable":true,"href":"https:\/\/www.novalta.net\/de\/wp-json\/wp\/v2\/users\/4"}],"replies":[{"embeddable":true,"href":"https:\/\/www.novalta.net\/de\/wp-json\/wp\/v2\/comments?post=341"}],"version-history":[{"count":3,"href":"https:\/\/www.novalta.net\/de\/wp-json\/wp\/v2\/pages\/341\/revisions"}],"predecessor-version":[{"id":562,"href":"https:\/\/www.novalta.net\/de\/wp-json\/wp\/v2\/pages\/341\/revisions\/562"}],"up":[{"embeddable":true,"href":"https:\/\/www.novalta.net\/de\/wp-json\/wp\/v2\/pages\/335"}],"wp:attachment":[{"href":"https:\/\/www.novalta.net\/de\/wp-json\/wp\/v2\/media?parent=341"}],"curies":[{"name":"wp","href":"https:\/\/api.w.org\/{rel}","templated":true}]}}