{"id":339,"date":"2014-09-04T15:11:20","date_gmt":"2014-09-04T15:11:20","guid":{"rendered":"http:\/\/www.novalta.net\/?page_id=339"},"modified":"2014-10-02T17:56:31","modified_gmt":"2014-10-02T17:56:31","slug":"russland-gus-ukraine","status":"publish","type":"page","link":"https:\/\/www.novalta.net\/de\/geographischer-fokus\/russland-gus-ukraine\/","title":{"rendered":"Ru\u00dfland \/ GUS \/ Ukraine"},"content":{"rendered":"<p>Das NOVALTA Team hat signifikante Erfahrung in der Ru\u00dfischen F\u00f6deration, der Ukraine und anderen Nachfolgel\u00e4ndern der Sowjetunion.<\/p>\n<p>Das NOVALTA Team hat Projekte in den folgenden L\u00e4ndern in dieser Region durchgef\u00fchrt:<\/p>\n<ul>\n<li>Belarus<\/li>\n<li>Georgien\/Abchasien<\/li>\n<li>Moldawien<\/li>\n<li>Ru\u00dfische F\u00f6deration<\/li>\n<li>Ukraine<\/li>\n<\/ul>\n<p>Zur Zeit agiert\u00a0NOVALTA als Privatisierungsberater im Auftrag der Republik Belarus, als Co-Manager eines Projektes f\u00fcr die Nationale Agentur f\u00fcr Investition und Privatisierung und das Wirtschaftsministerium der Republik \u2013 mit Unterst\u00fctzung der Weltbank \u2013 als Teil des \u201cMattig Management Partners \u2013 Alfa Bank \u2013 Egorov Puginsky Afanasiev and Partners\u201d Beratungsteams.<\/p>\n","protected":false},"excerpt":{"rendered":"<p>Das NOVALTA Team hat signifikante Erfahrung in der Ru\u00dfischen F\u00f6deration, der Ukraine und anderen Nachfolgel\u00e4ndern der Sowjetunion. Das NOVALTA Team hat Projekte in den folgenden L\u00e4ndern in dieser Region durchgef\u00fchrt: Belarus Georgien\/Abchasien Moldawien Ru\u00dfische F\u00f6deration Ukraine Zur Zeit agiert\u00a0NOVALTA als Privatisierungsberater im Auftrag der Republik Belarus, als Co-Manager eines Projektes f\u00fcr die Nationale Agentur f\u00fcr [&hellip;]<\/p>\n","protected":false},"author":4,"featured_media":0,"parent":335,"menu_order":2,"comment_status":"open","ping_status":"closed","template":"","meta":{"footnotes":""},"_links":{"self":[{"href":"https:\/\/www.novalta.net\/de\/wp-json\/wp\/v2\/pages\/339"}],"collection":[{"href":"https:\/\/www.novalta.net\/de\/wp-json\/wp\/v2\/pages"}],"about":[{"href":"https:\/\/www.novalta.net\/de\/wp-json\/wp\/v2\/types\/page"}],"author":[{"embeddable":true,"href":"https:\/\/www.novalta.net\/de\/wp-json\/wp\/v2\/users\/4"}],"replies":[{"embeddable":true,"href":"https:\/\/www.novalta.net\/de\/wp-json\/wp\/v2\/comments?post=339"}],"version-history":[{"count":4,"href":"https:\/\/www.novalta.net\/de\/wp-json\/wp\/v2\/pages\/339\/revisions"}],"predecessor-version":[{"id":591,"href":"https:\/\/www.novalta.net\/de\/wp-json\/wp\/v2\/pages\/339\/revisions\/591"}],"up":[{"embeddable":true,"href":"https:\/\/www.novalta.net\/de\/wp-json\/wp\/v2\/pages\/335"}],"wp:attachment":[{"href":"https:\/\/www.novalta.net\/de\/wp-json\/wp\/v2\/media?parent=339"}],"curies":[{"name":"wp","href":"https:\/\/api.w.org\/{rel}","templated":true}]}}