{"id":333,"date":"2014-09-04T15:10:37","date_gmt":"2014-09-04T15:10:37","guid":{"rendered":"http:\/\/www.novalta.net\/?page_id=333"},"modified":"2014-09-28T11:30:36","modified_gmt":"2014-09-28T11:30:36","slug":"bank-und-finanzwesen","status":"publish","type":"page","link":"https:\/\/www.novalta.net\/de\/sektor-fokus\/bank-und-finanzwesen\/","title":{"rendered":"Bank- und Finanzwesen"},"content":{"rendered":"<p class=\"p1\"><span class=\"s1\">Das Management von NOVALTA hat Erfahrung im Finanzsektor, einschlie\u00dflich insbesondere Investmentbanking.<\/span><\/p>\n<p class=\"p1\"><span class=\"s1\">NOVALTA bietet Beratungsdienstleistungen\u00a0bei der Durchf\u00fchrung von M&amp;A-Transaktionen (\u00dcbernahmen, Ver\u00e4u\u00dferungen, Umwandlungen) im Bankenbereich sowie im Versicherungsbereich.<\/span><\/p>\n<li><\/li>\n<p class=\"p1\"><span class=\"s1\">Wir haben auch Erfahrung in der Analyse von Finanzinstitutionen, einschlie\u00dflich spezialisierter Finanzdienstleister wie Leasing- und Factoringgesellschaften.\u00a0<\/span><\/p>\n<p class=\"p1\"><span class=\"s1\">Nach Bedarf verf\u00fcgt NOVALTA \u00fcber die Dienstleistungen von verschiedenen unabh\u00e4ngigen Spezialisten in Gebieten wie Handelsfinanzierung und Risikomanagement.<\/span><\/p>\n","protected":false},"excerpt":{"rendered":"<p>Das Management von NOVALTA hat Erfahrung im Finanzsektor, einschlie\u00dflich insbesondere Investmentbanking. NOVALTA bietet Beratungsdienstleistungen\u00a0bei der Durchf\u00fchrung von M&amp;A-Transaktionen (\u00dcbernahmen, Ver\u00e4u\u00dferungen, Umwandlungen) im Bankenbereich sowie im Versicherungsbereich. Wir haben auch Erfahrung in der Analyse von Finanzinstitutionen, einschlie\u00dflich spezialisierter Finanzdienstleister wie Leasing- und Factoringgesellschaften.\u00a0 Nach Bedarf verf\u00fcgt NOVALTA \u00fcber die Dienstleistungen von verschiedenen unabh\u00e4ngigen Spezialisten in Gebieten [&hellip;]<\/p>\n","protected":false},"author":4,"featured_media":0,"parent":323,"menu_order":2,"comment_status":"open","ping_status":"closed","template":"","meta":{"footnotes":""},"_links":{"self":[{"href":"https:\/\/www.novalta.net\/de\/wp-json\/wp\/v2\/pages\/333"}],"collection":[{"href":"https:\/\/www.novalta.net\/de\/wp-json\/wp\/v2\/pages"}],"about":[{"href":"https:\/\/www.novalta.net\/de\/wp-json\/wp\/v2\/types\/page"}],"author":[{"embeddable":true,"href":"https:\/\/www.novalta.net\/de\/wp-json\/wp\/v2\/users\/4"}],"replies":[{"embeddable":true,"href":"https:\/\/www.novalta.net\/de\/wp-json\/wp\/v2\/comments?post=333"}],"version-history":[{"count":3,"href":"https:\/\/www.novalta.net\/de\/wp-json\/wp\/v2\/pages\/333\/revisions"}],"predecessor-version":[{"id":541,"href":"https:\/\/www.novalta.net\/de\/wp-json\/wp\/v2\/pages\/333\/revisions\/541"}],"up":[{"embeddable":true,"href":"https:\/\/www.novalta.net\/de\/wp-json\/wp\/v2\/pages\/323"}],"wp:attachment":[{"href":"https:\/\/www.novalta.net\/de\/wp-json\/wp\/v2\/media?parent=333"}],"curies":[{"name":"wp","href":"https:\/\/api.w.org\/{rel}","templated":true}]}}