{"id":327,"date":"2014-09-04T15:09:59","date_gmt":"2014-09-04T15:09:59","guid":{"rendered":"http:\/\/www.novalta.net\/?page_id=327"},"modified":"2014-10-02T17:53:06","modified_gmt":"2014-10-02T17:53:06","slug":"energie-verkehr-und-infrastruktur","status":"publish","type":"page","link":"https:\/\/www.novalta.net\/de\/sektor-fokus\/energie-verkehr-und-infrastruktur\/","title":{"rendered":"Energie, Verkehr und Infrastruktur"},"content":{"rendered":"<p class=\"p1\"><span class=\"s1\">Das NOVALTA Management hat weitreichende Erfahrung in den Energie-, Transport- und Infrastrukturbranchen, einschlie\u00dflich Regierungsberatung bei der Restrutkurierung und Privatisierung nationaler Elektrizti\u00e4tssysteme sowie Privatisierung von Flugh\u00e4fen, sowie Beratung von privaten Investoren bei der Akquisition von Energie-, Transport- und Infrastruktur-Assets.<\/span><\/p>\n<p class=\"p1\">Unsere Erfrahrung im Energiebereich schlie\u00dft Projekte in folgenden Branchen ein:<\/p>\n<ul>\n<li>Elektritz\u00e4tsverteilung- und -erzeugung;<\/li>\n<li>\u00d6l und Gas\u00a0(upstream\/downstream).<\/li>\n<\/ul>\n<p class=\"p1\"><span class=\"s1\">Expertise im Verkehrsbereich wurde auf Basis von Projekten in folgenden Gebieten gewonnen:<\/span><\/p>\n<ul>\n<li>Flughafenentwicklung;<\/li>\n<li>Eisenbahninfrastruktur\/Frachtsysteme.<\/li>\n<\/ul>\n<p class=\"p2\">NOVALTA verf\u00fcgt nach Bedarf \u00fcber spezialisierte unabh\u00e4ngige Experten aus den Energie- und Transportbranchen.<\/p>\n","protected":false},"excerpt":{"rendered":"<p>Das NOVALTA Management hat weitreichende Erfahrung in den Energie-, Transport- und Infrastrukturbranchen, einschlie\u00dflich Regierungsberatung bei der Restrutkurierung und Privatisierung nationaler Elektrizti\u00e4tssysteme sowie Privatisierung von Flugh\u00e4fen, sowie Beratung von privaten Investoren bei der Akquisition von Energie-, Transport- und Infrastruktur-Assets. Unsere Erfrahrung im Energiebereich schlie\u00dft Projekte in folgenden Branchen ein: Elektritz\u00e4tsverteilung- und -erzeugung; \u00d6l und Gas\u00a0(upstream\/downstream). Expertise [&hellip;]<\/p>\n","protected":false},"author":4,"featured_media":0,"parent":323,"menu_order":2,"comment_status":"open","ping_status":"closed","template":"","meta":{"footnotes":""},"_links":{"self":[{"href":"https:\/\/www.novalta.net\/de\/wp-json\/wp\/v2\/pages\/327"}],"collection":[{"href":"https:\/\/www.novalta.net\/de\/wp-json\/wp\/v2\/pages"}],"about":[{"href":"https:\/\/www.novalta.net\/de\/wp-json\/wp\/v2\/types\/page"}],"author":[{"embeddable":true,"href":"https:\/\/www.novalta.net\/de\/wp-json\/wp\/v2\/users\/4"}],"replies":[{"embeddable":true,"href":"https:\/\/www.novalta.net\/de\/wp-json\/wp\/v2\/comments?post=327"}],"version-history":[{"count":4,"href":"https:\/\/www.novalta.net\/de\/wp-json\/wp\/v2\/pages\/327\/revisions"}],"predecessor-version":[{"id":589,"href":"https:\/\/www.novalta.net\/de\/wp-json\/wp\/v2\/pages\/327\/revisions\/589"}],"up":[{"embeddable":true,"href":"https:\/\/www.novalta.net\/de\/wp-json\/wp\/v2\/pages\/323"}],"wp:attachment":[{"href":"https:\/\/www.novalta.net\/de\/wp-json\/wp\/v2\/media?parent=327"}],"curies":[{"name":"wp","href":"https:\/\/api.w.org\/{rel}","templated":true}]}}