{"id":319,"date":"2014-09-04T15:08:58","date_gmt":"2014-09-04T15:08:58","guid":{"rendered":"http:\/\/www.novalta.net\/?page_id=319"},"modified":"2014-09-28T11:03:10","modified_gmt":"2014-09-28T11:03:10","slug":"investitionsprojekte-im-offentlichen-sektor","status":"publish","type":"page","link":"https:\/\/www.novalta.net\/de\/unsere-dienstleistungen\/investitionsprojekte-im-offentlichen-sektor\/","title":{"rendered":"Investitions&shy;projekte im \u00f6ffentlichen Sektor"},"content":{"rendered":"<p>NOVALTA erbringt Dienstleistungen im \u00f6ffentlichen Sektor in Zusammenhang mit der Durchf\u00fchrung und Finanzierung von Investitionsprojekten.<\/p>\n<p>Unser Schwerpunkte ist Beratung bei folgenden Transaktionsarten:\u00a0<\/p>\n<ul>\n<li>Privatisierungen (mittels verschiedener Privatisierungsmodelle, einschlie\u00dflich Tender, Direktverhandlungen, Auktionen, Kapitalmarktplatzierungen);<\/li>\n<li>Konzessionen and Public-Private Partnerships;<\/li>\n<li>Restrukturierung staatlicher Betriebes.<\/li>\n<\/ul>\n<p>Das NOVALTA Team hat im Auftrag von Regierungen oder Ministerien\u00a0in folgenden L\u00e4ndern im Zusammenhang mit der Privatisierung staatlicher Unternehmen zusammengearbeitet:\u00a0<\/p>\n<ul>\n<li>Belarus;<\/li>\n<li>Bulgarien;<\/li>\n<li>Mazedonien;<\/li>\n<li>Moldawien;<\/li>\n<li>Montenegro;<\/li>\n<li>Rum\u00e4nien;<\/li>\n<li>Serbien;<\/li>\n<li>Slowakei;<\/li>\n<li>Ukraine.<\/li>\n<\/ul>\n<p>F\u00fcr die Republik Serbien hat das Team Restruktuierung staatlicher Betriebe durchgef\u00fchrt.<\/p>\n","protected":false},"excerpt":{"rendered":"<p>NOVALTA erbringt Dienstleistungen im \u00f6ffentlichen Sektor in Zusammenhang mit der Durchf\u00fchrung und Finanzierung von Investitionsprojekten. Unser Schwerpunkte ist Beratung bei folgenden Transaktionsarten:\u00a0 Privatisierungen (mittels verschiedener Privatisierungsmodelle, einschlie\u00dflich Tender, Direktverhandlungen, Auktionen, Kapitalmarktplatzierungen); Konzessionen and Public-Private Partnerships; Restrukturierung staatlicher Betriebes. Das NOVALTA Team hat im Auftrag von Regierungen oder Ministerien\u00a0in folgenden L\u00e4ndern im Zusammenhang mit der Privatisierung [&hellip;]<\/p>\n","protected":false},"author":4,"featured_media":0,"parent":311,"menu_order":5,"comment_status":"open","ping_status":"closed","template":"","meta":{"footnotes":""},"_links":{"self":[{"href":"https:\/\/www.novalta.net\/de\/wp-json\/wp\/v2\/pages\/319"}],"collection":[{"href":"https:\/\/www.novalta.net\/de\/wp-json\/wp\/v2\/pages"}],"about":[{"href":"https:\/\/www.novalta.net\/de\/wp-json\/wp\/v2\/types\/page"}],"author":[{"embeddable":true,"href":"https:\/\/www.novalta.net\/de\/wp-json\/wp\/v2\/users\/4"}],"replies":[{"embeddable":true,"href":"https:\/\/www.novalta.net\/de\/wp-json\/wp\/v2\/comments?post=319"}],"version-history":[{"count":5,"href":"https:\/\/www.novalta.net\/de\/wp-json\/wp\/v2\/pages\/319\/revisions"}],"predecessor-version":[{"id":537,"href":"https:\/\/www.novalta.net\/de\/wp-json\/wp\/v2\/pages\/319\/revisions\/537"}],"up":[{"embeddable":true,"href":"https:\/\/www.novalta.net\/de\/wp-json\/wp\/v2\/pages\/311"}],"wp:attachment":[{"href":"https:\/\/www.novalta.net\/de\/wp-json\/wp\/v2\/media?parent=319"}],"curies":[{"name":"wp","href":"https:\/\/api.w.org\/{rel}","templated":true}]}}