{"id":317,"date":"2014-09-04T15:08:42","date_gmt":"2014-09-04T15:08:42","guid":{"rendered":"http:\/\/www.novalta.net\/?page_id=317"},"modified":"2014-10-02T17:51:40","modified_gmt":"2014-10-02T17:51:40","slug":"ma-unternehmenserwerb-und-restrukturierungen","status":"publish","type":"page","link":"https:\/\/www.novalta.net\/de\/unsere-dienstleistungen\/ma-unternehmenserwerb-und-restrukturierungen\/","title":{"rendered":"M&#038;A:  Unternehmens&shy;erwerb und Restruktu&shy;rierungen"},"content":{"rendered":"<p>W\u00e4hrend der letzten 20 Jahre hat das Management von NOVALTA bei \u00fcber 150 erfolgreichen Unternehmensakquisitionen und -ver\u00e4u\u00dferungen beraten, vornehmlich in Zentral- und Osteuropa, im Auftrag von Ver\u00e4u\u00dfereren, Erwerbern, sowie Financiers.<\/p>\n<p>NOVALTA ist imstande, alle Aspkete des &#8222;M&amp;A&#8220; Prozesses, von Origination bis Exekution, zu organisieren, inklusive der folgenden Kernkomponente der Transaktion:<\/p>\n<ul>\n<li>Unterst\u00fctzung in der Entwicklung der Strategie und des Akquisitionsmodells;<\/li>\n<li>Identifizieren des Zielunternehmens;<\/li>\n<li>&#8222;due diligence&#8220; Pr\u00fcfungen (Koordinieren von Fachexperten);<\/li>\n<li>Bewertung und &#8222;financial modelling&#8220;;<\/li>\n<li>Erstellen des Prospekts, Information Memorandum oder anderer Verkaufsdokumentationen;<\/li>\n<li>Management des &#8222;Data Room&#8220;;<\/li>\n<li>Unterst\u00fctzung bei Arrangieren von Akquisitionsfinanzierung;<\/li>\n<li>Strukturierung der Transaktion mit Ber\u00fccksichtigung relevanter Rechts- und Steueraspekte;<\/li>\n<li>Vertragsverhandlungen und Closing.<\/li>\n<\/ul>\n<p>Insbesondere kann NOVALTA die Hauptkomponenten von &#8222;M&amp;A&#8220;-Transkationen als &#8222;Projektmanager&#8220; effizient administrieren, wodurch die Anforderungen an die interne Human- und materiellen Ressourcen des Klienten wesentlich reduziert werden k\u00f6nnen.<\/p>\n<p>Als unabh\u00e4ngiges Institut, nicht mit Banken oder anderen potentiellen Transaktionsteilnehmern verbunden, gibt NOVALTA unabh\u00e4ngigen Rat ohne m\u00f6gliche Interessenskonflikte.\u00a0<\/p>\n<p>Dar\u00fcber hinaus hat NOVALTA relevante Erfahrung bei der operativen, finanziellen und rechtlichen Restrukturierung von Unternehmen, au\u00dferhalb sowie innerhalb von Konkursverfahren.<\/p>\n","protected":false},"excerpt":{"rendered":"<p>W\u00e4hrend der letzten 20 Jahre hat das Management von NOVALTA bei \u00fcber 150 erfolgreichen Unternehmensakquisitionen und -ver\u00e4u\u00dferungen beraten, vornehmlich in Zentral- und Osteuropa, im Auftrag von Ver\u00e4u\u00dfereren, Erwerbern, sowie Financiers. NOVALTA ist imstande, alle Aspkete des &#8222;M&amp;A&#8220; Prozesses, von Origination bis Exekution, zu organisieren, inklusive der folgenden Kernkomponente der Transaktion: Unterst\u00fctzung in der Entwicklung der [&hellip;]<\/p>\n","protected":false},"author":4,"featured_media":0,"parent":311,"menu_order":3,"comment_status":"open","ping_status":"closed","template":"","meta":{"footnotes":""},"_links":{"self":[{"href":"https:\/\/www.novalta.net\/de\/wp-json\/wp\/v2\/pages\/317"}],"collection":[{"href":"https:\/\/www.novalta.net\/de\/wp-json\/wp\/v2\/pages"}],"about":[{"href":"https:\/\/www.novalta.net\/de\/wp-json\/wp\/v2\/types\/page"}],"author":[{"embeddable":true,"href":"https:\/\/www.novalta.net\/de\/wp-json\/wp\/v2\/users\/4"}],"replies":[{"embeddable":true,"href":"https:\/\/www.novalta.net\/de\/wp-json\/wp\/v2\/comments?post=317"}],"version-history":[{"count":25,"href":"https:\/\/www.novalta.net\/de\/wp-json\/wp\/v2\/pages\/317\/revisions"}],"predecessor-version":[{"id":587,"href":"https:\/\/www.novalta.net\/de\/wp-json\/wp\/v2\/pages\/317\/revisions\/587"}],"up":[{"embeddable":true,"href":"https:\/\/www.novalta.net\/de\/wp-json\/wp\/v2\/pages\/311"}],"wp:attachment":[{"href":"https:\/\/www.novalta.net\/de\/wp-json\/wp\/v2\/media?parent=317"}],"curies":[{"name":"wp","href":"https:\/\/api.w.org\/{rel}","templated":true}]}}