{"id":315,"date":"2014-09-04T15:08:25","date_gmt":"2014-09-04T15:08:25","guid":{"rendered":"http:\/\/www.novalta.net\/?page_id=315"},"modified":"2014-10-02T17:52:13","modified_gmt":"2014-10-02T17:52:13","slug":"unternehmensberatung","status":"publish","type":"page","link":"https:\/\/www.novalta.net\/de\/unsere-dienstleistungen\/unternehmensberatung\/","title":{"rendered":"Unternehmens&shy;beratung"},"content":{"rendered":"<p>Unternehmensberatung ist eine Kernaktivit\u00e4t von NOVALTA.<\/p>\n<p>NOVALTA ber\u00e4t das Management von Unternehmen (im Privatsektor sowie im \u00f6ffentlichen Bereich) um Effizienzsteigerungen zu erzielen, optimale Strategien zu planen, langfristige Rentabilit\u00e4t zu maximieren, sowie die besten kommerziellen Resultate zu erreichen.<\/p>\n<p>Die folgenden Bereiche sind unsere Schwerpunkte in der Unternehmensberatung:<\/p>\n<ul>\n<li>Analytik: \u00a0Analyse von Unternehmensstruktur, Betriebsprozesse und Aktivit\u00e4ten um St\u00e4rken, Schw\u00e4chen, Opportunit\u00e4ten und Drohungen festzustellen;<\/li>\n<li>Strategie: \u00a0Entwicklungen von gesch\u00e4ftlichen und finanziellen Strategien und Implementierung von strategischen Pl\u00e4nen;<\/li>\n<li>Durchf\u00fchrung: \u00a0Unterst\u00fctzung bei der Exekution spezifischer Ma\u00dfnahmen, zum Beispiel mittels Fusionen, Akquisitionen, Restrukturierungen, Verm\u00f6genver\u00e4u\u00dferungen, Umschuldungen oder anderweitig;<\/li>\n<li>forensische Audits, wenn erforderlich.<\/li>\n<\/ul>\n<p>Spezifische Dienstleistungen im Unternehmensberatungsbereich werden im Detail in verschiedenen Seiten dieser Website beschrieben.<\/p>\n","protected":false},"excerpt":{"rendered":"<p>Unternehmensberatung ist eine Kernaktivit\u00e4t von NOVALTA. NOVALTA ber\u00e4t das Management von Unternehmen (im Privatsektor sowie im \u00f6ffentlichen Bereich) um Effizienzsteigerungen zu erzielen, optimale Strategien zu planen, langfristige Rentabilit\u00e4t zu maximieren, sowie die besten kommerziellen Resultate zu erreichen. Die folgenden Bereiche sind unsere Schwerpunkte in der Unternehmensberatung: Analytik: \u00a0Analyse von Unternehmensstruktur, Betriebsprozesse und Aktivit\u00e4ten um St\u00e4rken, [&hellip;]<\/p>\n","protected":false},"author":4,"featured_media":0,"parent":311,"menu_order":2,"comment_status":"open","ping_status":"closed","template":"","meta":{"footnotes":""},"_links":{"self":[{"href":"https:\/\/www.novalta.net\/de\/wp-json\/wp\/v2\/pages\/315"}],"collection":[{"href":"https:\/\/www.novalta.net\/de\/wp-json\/wp\/v2\/pages"}],"about":[{"href":"https:\/\/www.novalta.net\/de\/wp-json\/wp\/v2\/types\/page"}],"author":[{"embeddable":true,"href":"https:\/\/www.novalta.net\/de\/wp-json\/wp\/v2\/users\/4"}],"replies":[{"embeddable":true,"href":"https:\/\/www.novalta.net\/de\/wp-json\/wp\/v2\/comments?post=315"}],"version-history":[{"count":10,"href":"https:\/\/www.novalta.net\/de\/wp-json\/wp\/v2\/pages\/315\/revisions"}],"predecessor-version":[{"id":588,"href":"https:\/\/www.novalta.net\/de\/wp-json\/wp\/v2\/pages\/315\/revisions\/588"}],"up":[{"embeddable":true,"href":"https:\/\/www.novalta.net\/de\/wp-json\/wp\/v2\/pages\/311"}],"wp:attachment":[{"href":"https:\/\/www.novalta.net\/de\/wp-json\/wp\/v2\/media?parent=315"}],"curies":[{"name":"wp","href":"https:\/\/api.w.org\/{rel}","templated":true}]}}