{"id":313,"date":"2014-09-04T15:08:10","date_gmt":"2014-09-04T15:08:10","guid":{"rendered":"http:\/\/www.novalta.net\/?page_id=313"},"modified":"2014-09-27T20:46:24","modified_gmt":"2014-09-27T20:46:24","slug":"finanzberatung","status":"publish","type":"page","link":"https:\/\/www.novalta.net\/de\/unsere-dienstleistungen\/finanzberatung\/","title":{"rendered":"Finanzberatung"},"content":{"rendered":"<p>NOVALTA bietet folgende Finanzberatungsdienstleistungen an:<\/p>\n<p>Beratung von Firmenklienten beim Aufbringen von Kapital, inklusive Eigenkapital von strategischen oder Finanzinvestoren, Mezzanin-Kapital, sowie Bankkrediten\u00a0oder anderem Fremdkapital:<\/p>\n<ul>\n<li>Durchf\u00fchrung von Finanz- und operativen Analysen, Bewertungen, &#8222;due diligence&#8220; Pr\u00fcfungen, sowie Machbarkeitsstudien;<\/li>\n<li>Unterst\u00fctzung bei Arrangieren von Krediten und Eigenkapital seitens internationalen Finanzierungsinstitutionen;<\/li>\n<li>Beratung bei Kapitalmarkttransaktionen, von Unterst\u00fctzung beim Arrangieren von B\u00f6rseng\u00e4ngen bis zu Durchf\u00fchrung von B\u00f6rsenlistings.<\/li>\n<\/ul>\n<p>NOVALTA f\u00fchrt Finanzberatungsdienstleistungen auf &#8222;ma\u00dfgeschneiderter&#8220; Basis im Auftrag ihrer Klienen an, um ein optimales Verst\u00e4ndnis wirtschaftlicher Opportunit\u00e4ten zu erzielen, die besten Verhandlungsstrategien zu entwickeln, und schlu\u00dfendlich den Transaktionserfolg zu maximieren.\u00a0<\/p>\n","protected":false},"excerpt":{"rendered":"<p>NOVALTA bietet folgende Finanzberatungsdienstleistungen an: Beratung von Firmenklienten beim Aufbringen von Kapital, inklusive Eigenkapital von strategischen oder Finanzinvestoren, Mezzanin-Kapital, sowie Bankkrediten\u00a0oder anderem Fremdkapital: Durchf\u00fchrung von Finanz- und operativen Analysen, Bewertungen, &#8222;due diligence&#8220; Pr\u00fcfungen, sowie Machbarkeitsstudien; Unterst\u00fctzung bei Arrangieren von Krediten und Eigenkapital seitens internationalen Finanzierungsinstitutionen; Beratung bei Kapitalmarkttransaktionen, von Unterst\u00fctzung beim Arrangieren von B\u00f6rseng\u00e4ngen bis [&hellip;]<\/p>\n","protected":false},"author":4,"featured_media":0,"parent":311,"menu_order":1,"comment_status":"open","ping_status":"open","template":"","meta":{"footnotes":""},"_links":{"self":[{"href":"https:\/\/www.novalta.net\/de\/wp-json\/wp\/v2\/pages\/313"}],"collection":[{"href":"https:\/\/www.novalta.net\/de\/wp-json\/wp\/v2\/pages"}],"about":[{"href":"https:\/\/www.novalta.net\/de\/wp-json\/wp\/v2\/types\/page"}],"author":[{"embeddable":true,"href":"https:\/\/www.novalta.net\/de\/wp-json\/wp\/v2\/users\/4"}],"replies":[{"embeddable":true,"href":"https:\/\/www.novalta.net\/de\/wp-json\/wp\/v2\/comments?post=313"}],"version-history":[{"count":3,"href":"https:\/\/www.novalta.net\/de\/wp-json\/wp\/v2\/pages\/313\/revisions"}],"predecessor-version":[{"id":528,"href":"https:\/\/www.novalta.net\/de\/wp-json\/wp\/v2\/pages\/313\/revisions\/528"}],"up":[{"embeddable":true,"href":"https:\/\/www.novalta.net\/de\/wp-json\/wp\/v2\/pages\/311"}],"wp:attachment":[{"href":"https:\/\/www.novalta.net\/de\/wp-json\/wp\/v2\/media?parent=313"}],"curies":[{"name":"wp","href":"https:\/\/api.w.org\/{rel}","templated":true}]}}