{"id":311,"date":"2014-09-04T15:07:51","date_gmt":"2014-09-04T15:07:51","guid":{"rendered":"http:\/\/www.novalta.net\/?page_id=311"},"modified":"2014-09-27T19:57:42","modified_gmt":"2014-09-27T19:57:42","slug":"unsere-dienstleistungen","status":"publish","type":"page","link":"https:\/\/www.novalta.net\/de\/unsere-dienstleistungen\/","title":{"rendered":"Unsere Dienstleistungen"},"content":{"rendered":"<p>NOVALTA bietet umfassende Dienstleistungen als Unternehmens- und Finanzberater, vornehmlich in folgenden Bereichen, an: \u00a0<\/p>\n<ul>\n<li>Entwicklung und Implementierung von Investitionsprojekten im Privatsektor und im \u00f6ffentlichen Bereich;<\/li>\n<li>Unternehmensk\u00e4ufe, -verk\u00e4ufe und -umwandlungen;<\/li>\n<li>gesellschaftliche Restrukturierungen.<\/li>\n<\/ul>\n<p>Als mit Banken und anderen Konzernen nicht verbundenes Institut ist Novalta voll unabh\u00e4ngig und frei von Interessenskonflikten.\u00a0<\/p>\n<p>Zus\u00e4tzlich zu ihrem eigenen Personal hat NOVALTA ein Netzwerk von Finanz-, Rechts-, sowie Industrieexperten, die nach Bedarf f\u00fcr Projekte mobilisiert werden k\u00f6nnen.<\/p>\n","protected":false},"excerpt":{"rendered":"<p>NOVALTA bietet umfassende Dienstleistungen als Unternehmens- und Finanzberater, vornehmlich in folgenden Bereichen, an: \u00a0 Entwicklung und Implementierung von Investitionsprojekten im Privatsektor und im \u00f6ffentlichen Bereich; Unternehmensk\u00e4ufe, -verk\u00e4ufe und -umwandlungen; gesellschaftliche Restrukturierungen. Als mit Banken und anderen Konzernen nicht verbundenes Institut ist Novalta voll unabh\u00e4ngig und frei von Interessenskonflikten.\u00a0 Zus\u00e4tzlich zu ihrem eigenen Personal hat NOVALTA [&hellip;]<\/p>\n","protected":false},"author":4,"featured_media":0,"parent":0,"menu_order":3,"comment_status":"open","ping_status":"closed","template":"","meta":{"footnotes":""},"_links":{"self":[{"href":"https:\/\/www.novalta.net\/de\/wp-json\/wp\/v2\/pages\/311"}],"collection":[{"href":"https:\/\/www.novalta.net\/de\/wp-json\/wp\/v2\/pages"}],"about":[{"href":"https:\/\/www.novalta.net\/de\/wp-json\/wp\/v2\/types\/page"}],"author":[{"embeddable":true,"href":"https:\/\/www.novalta.net\/de\/wp-json\/wp\/v2\/users\/4"}],"replies":[{"embeddable":true,"href":"https:\/\/www.novalta.net\/de\/wp-json\/wp\/v2\/comments?post=311"}],"version-history":[{"count":3,"href":"https:\/\/www.novalta.net\/de\/wp-json\/wp\/v2\/pages\/311\/revisions"}],"predecessor-version":[{"id":526,"href":"https:\/\/www.novalta.net\/de\/wp-json\/wp\/v2\/pages\/311\/revisions\/526"}],"wp:attachment":[{"href":"https:\/\/www.novalta.net\/de\/wp-json\/wp\/v2\/media?parent=311"}],"curies":[{"name":"wp","href":"https:\/\/api.w.org\/{rel}","templated":true}]}}